{"id":1759,"date":"2020-11-15T22:17:57","date_gmt":"2020-11-15T22:17:57","guid":{"rendered":"https:\/\/www.ivanaformanova.cz\/?page_id=1759"},"modified":"2023-11-30T14:04:19","modified_gmt":"2023-11-30T14:04:19","slug":"e-shop","status":"publish","type":"page","link":"https:\/\/www.ivanaformanova.cz\/index.php\/e-shop\/","title":{"rendered":"E-shop"},"content":{"rendered":"<p>[et_pb_section fb_built=&#8221;1&#8243; disabled_on=&#8221;off|off|off&#8221; module_id=&#8221;oddechovycas&#8221; _builder_version=&#8221;4.5.0&#8243; _module_preset=&#8221;default&#8221;][et_pb_row _builder_version=&#8221;4.5.0&#8243; _module_preset=&#8221;default&#8221; use_background_color_gradient=&#8221;on&#8221; background_color_gradient_start=&#8221;rgba(255,255,255,0.65)&#8221; background_color_gradient_end=&#8221;rgba(255,255,255,0.55)&#8221; background_color_gradient_type=&#8221;radial&#8221; background_color_gradient_overlays_image=&#8221;on&#8221; background_enable_image=&#8221;off&#8221; background_size=&#8221;contain&#8221; width=&#8221;98%&#8221; custom_margin=&#8221;||||false|false&#8221; border_radii=&#8221;on|14px|14px|14px|14px&#8221;][et_pb_column type=&#8221;4_4&#8243; _builder_version=&#8221;4.5.0&#8243; _module_preset=&#8221;default&#8221;][et_pb_text _builder_version=&#8221;4.5.0&#8243; _module_preset=&#8221;default&#8221; header_2_font=&#8221;Allura||||||||&#8221; header_2_text_align=&#8221;center&#8221; header_2_font_size=&#8221;60px&#8221; text_orientation=&#8221;center&#8221; animation_style=&#8221;zoom&#8221;]<\/p>\n<h2 style=\"text-align: center;\">Novinka<\/h2>\n<p>[\/et_pb_text][\/et_pb_column][\/et_pb_row][et_pb_row column_structure=&#8221;1_2,1_2&#8243; _builder_version=&#8221;4.5.0&#8243; _module_preset=&#8221;default&#8221;][et_pb_column type=&#8221;1_2&#8243; _builder_version=&#8221;4.5.0&#8243; _module_preset=&#8221;default&#8221;][et_pb_text _builder_version=&#8221;4.5.0&#8243; _module_preset=&#8221;default&#8221; text_text_color=&#8221;#606060&#8243; text_font_size=&#8221;17px&#8221; hover_enabled=&#8221;0&#8243; disabled_on=&#8221;off|on|on&#8221;]<\/p>\n<p><span>Zakupte si kalend\u00e1\u0159: Rozkvetl\u00fd rok<\/span><\/p>\n<p><span>Cena: 180 K\u010d<\/span><\/p>\n<p>[\/et_pb_text][et_pb_gallery gallery_ids=&#8221;2738&#8243; fullwidth=&#8221;on&#8221; _builder_version=&#8221;4.5.0&#8243; _module_preset=&#8221;default&#8221; auto=&#8221;on&#8221; auto_speed=&#8221;5000&#8243;][\/et_pb_gallery][\/et_pb_column][et_pb_column type=&#8221;1_2&#8243; _builder_version=&#8221;4.5.0&#8243; _module_preset=&#8221;default&#8221;][et_pb_text _builder_version=&#8221;4.5.0&#8243; _module_preset=&#8221;default&#8221; text_text_color=&#8221;#606060&#8243; text_font_size=&#8221;17px&#8221; hover_enabled=&#8221;0&#8243; disabled_on=&#8221;on|off|off&#8221;]<\/p>\n<p><span>Zakupte si kalend\u00e1\u0159: Rozkvetl\u00fd rok<\/span><\/p>\n<p><span>Cena: 180 K\u010d<\/span><\/p>\n<p>[\/et_pb_text][et_pb_gallery gallery_ids=&#8221;2708,2709&#8243; orientation=&#8221;portrait&#8221; show_title_and_caption=&#8221;off&#8221; show_pagination=&#8221;off&#8221; _builder_version=&#8221;4.5.0&#8243; _module_preset=&#8221;default&#8221; custom_margin=&#8221;||||false|false&#8221; custom_padding=&#8221;30px||||false|false&#8221;][\/et_pb_gallery][\/et_pb_column][\/et_pb_row][\/et_pb_section][et_pb_section fb_built=&#8221;1&#8243; _builder_version=&#8221;4.5.0&#8243; _module_preset=&#8221;default&#8221;][et_pb_row _builder_version=&#8221;4.5.0&#8243; _module_preset=&#8221;default&#8221;][et_pb_column type=&#8221;4_4&#8243; _builder_version=&#8221;4.5.0&#8243; _module_preset=&#8221;default&#8221;][et_pb_text _builder_version=&#8221;4.5.0&#8243; _module_preset=&#8221;default&#8221; text_text_color=&#8221;#000000&#8243; text_font_size=&#8221;20px&#8221;]<\/p>\n<p style=\"text-align: center;\">&#8230;p\u0159ipravuje se&#8230;<\/p>\n<p>[\/et_pb_text][\/et_pb_column][\/et_pb_row][et_pb_row _builder_version=&#8221;4.5.0&#8243; _module_preset=&#8221;default&#8221;][et_pb_column type=&#8221;4_4&#8243; _builder_version=&#8221;4.5.0&#8243; _module_preset=&#8221;default&#8221;][et_pb_contact_form email=&#8221;ivanaformanova2020@gmail.com&#8221; title=&#8221;P\u0159ejete si vytvo\u0159it obr\u00e1zek na p\u0159\u00e1n\u00ed nebo uva\u017eujete o spolupr\u00e1ci, nev\u00e1hejte m\u011b kontaktovat.&#8221; success_message=&#8221;D\u011bkuji, \u017ee jste m\u011b kontaktovali, ozvu se :)&#8221; submit_button_text=&#8221;odeslat&#8221; _builder_version=&#8221;4.5.0&#8243; title_font=&#8221;Comfortaa||||||||&#8221; title_text_align=&#8221;center&#8221; title_font_size=&#8221;20px&#8221; captcha_font=&#8221;Comfortaa||||||||&#8221; form_field_font=&#8221;Muli|600||on|||||&#8221; form_field_font_size=&#8221;12px&#8221; form_field_letter_spacing=&#8221;4px&#8221; form_field_line_height=&#8221;2em&#8221; custom_button=&#8221;on&#8221; button_text_size=&#8221;12px&#8221; button_text_color=&#8221;#ffffff&#8221; button_bg_color=&#8221;#000000&#8243; button_border_width=&#8221;15px&#8221; button_border_color=&#8221;rgba(0,0,0,0)&#8221; button_border_radius=&#8221;14px&#8221; button_letter_spacing=&#8221;4px&#8221; button_font=&#8221;Comfortaa|600||on|||||&#8221; border_radii=&#8221;on|14px|14px|14px|14px&#8221;][et_pb_contact_field field_id=&#8221;Jm\u00e9no&#8221; field_title=&#8221;Jm\u00e9no a p\u0159\u00edjmen\u00ed&#8221; _builder_version=&#8221;4.5.0&#8243; form_field_font=&#8221;Comfortaa|600||on|||||&#8221; button_text_size__hover_enabled=&#8221;off&#8221; button_one_text_size__hover_enabled=&#8221;off&#8221; button_two_text_size__hover_enabled=&#8221;off&#8221; button_text_color__hover_enabled=&#8221;off&#8221; button_one_text_color__hover_enabled=&#8221;off&#8221; button_two_text_color__hover_enabled=&#8221;off&#8221; button_border_width__hover_enabled=&#8221;off&#8221; button_one_border_width__hover_enabled=&#8221;off&#8221; button_two_border_width__hover_enabled=&#8221;off&#8221; button_border_color__hover_enabled=&#8221;off&#8221; button_one_border_color__hover_enabled=&#8221;off&#8221; button_two_border_color__hover_enabled=&#8221;off&#8221; button_border_radius__hover_enabled=&#8221;off&#8221; button_one_border_radius__hover_enabled=&#8221;off&#8221; button_two_border_radius__hover_enabled=&#8221;off&#8221; button_letter_spacing__hover_enabled=&#8221;off&#8221; button_one_letter_spacing__hover_enabled=&#8221;off&#8221; button_two_letter_spacing__hover_enabled=&#8221;off&#8221; button_bg_color__hover_enabled=&#8221;off&#8221; button_one_bg_color__hover_enabled=&#8221;off&#8221; button_two_bg_color__hover_enabled=&#8221;off&#8221;][\/et_pb_contact_field][et_pb_contact_field field_id=&#8221;E-mail&#8221; field_title=&#8221;E-mail&#8221; field_type=&#8221;email&#8221; _builder_version=&#8221;4.5.0&#8243; form_field_font=&#8221;Comfortaa|600||on|||||&#8221; button_text_size__hover_enabled=&#8221;off&#8221; button_one_text_size__hover_enabled=&#8221;off&#8221; button_two_text_size__hover_enabled=&#8221;off&#8221; button_text_color__hover_enabled=&#8221;off&#8221; button_one_text_color__hover_enabled=&#8221;off&#8221; button_two_text_color__hover_enabled=&#8221;off&#8221; button_border_width__hover_enabled=&#8221;off&#8221; button_one_border_width__hover_enabled=&#8221;off&#8221; button_two_border_width__hover_enabled=&#8221;off&#8221; button_border_color__hover_enabled=&#8221;off&#8221; button_one_border_color__hover_enabled=&#8221;off&#8221; button_two_border_color__hover_enabled=&#8221;off&#8221; button_border_radius__hover_enabled=&#8221;off&#8221; button_one_border_radius__hover_enabled=&#8221;off&#8221; button_two_border_radius__hover_enabled=&#8221;off&#8221; button_letter_spacing__hover_enabled=&#8221;off&#8221; button_one_letter_spacing__hover_enabled=&#8221;off&#8221; button_two_letter_spacing__hover_enabled=&#8221;off&#8221; button_bg_color__hover_enabled=&#8221;off&#8221; button_one_bg_color__hover_enabled=&#8221;off&#8221; button_two_bg_color__hover_enabled=&#8221;off&#8221;][\/et_pb_contact_field][et_pb_contact_field field_id=&#8221;Message&#8221; field_title=&#8221;Va\u0161e zpr\u00e1va, dotaz, prosba&#8230;&#8221; field_type=&#8221;text&#8221; fullwidth_field=&#8221;on&#8221; _builder_version=&#8221;4.5.0&#8243; form_field_font=&#8221;Comfortaa|600||on|||||&#8221; button_text_size__hover_enabled=&#8221;off&#8221; button_one_text_size__hover_enabled=&#8221;off&#8221; button_two_text_size__hover_enabled=&#8221;off&#8221; button_text_color__hover_enabled=&#8221;off&#8221; button_one_text_color__hover_enabled=&#8221;off&#8221; button_two_text_color__hover_enabled=&#8221;off&#8221; button_border_width__hover_enabled=&#8221;off&#8221; button_one_border_width__hover_enabled=&#8221;off&#8221; button_two_border_width__hover_enabled=&#8221;off&#8221; button_border_color__hover_enabled=&#8221;off&#8221; button_one_border_color__hover_enabled=&#8221;off&#8221; button_two_border_color__hover_enabled=&#8221;off&#8221; button_border_radius__hover_enabled=&#8221;off&#8221; button_one_border_radius__hover_enabled=&#8221;off&#8221; button_two_border_radius__hover_enabled=&#8221;off&#8221; button_letter_spacing__hover_enabled=&#8221;off&#8221; button_one_letter_spacing__hover_enabled=&#8221;off&#8221; button_two_letter_spacing__hover_enabled=&#8221;off&#8221; button_bg_color__hover_enabled=&#8221;off&#8221; button_one_bg_color__hover_enabled=&#8221;off&#8221; button_two_bg_color__hover_enabled=&#8221;off&#8221;][\/et_pb_contact_field][et_pb_contact_field field_id=&#8221;osobn\u00ed_\u00fadaje&#8221; field_title=&#8221;Zpracov\u00e1n\u00ed osobn\u00edch \u00fadaj\u016f&#8221; field_type=&#8221;checkbox&#8221; checkbox_options=&#8221;%91{%22value%22:%22Souhlas\u00edm se zpracov\u00e1n\u00edm osobn\u00edch \u00fadaj\u016f%22,%22checked%22:1,%22dragID%22:-1}%93&#8243; _builder_version=&#8221;4.5.0&#8243; _module_preset=&#8221;default&#8221;][\/et_pb_contact_field][\/et_pb_contact_form][\/et_pb_column][\/et_pb_row][\/et_pb_section]<\/p>\n","protected":false},"excerpt":{"rendered":"<p>[et_pb_section fb_built=&#8221;1&#8243; disabled_on=&#8221;off|off|off&#8221; module_id=&#8221;oddechovycas&#8221; _builder_version=&#8221;4.5.0&#8243; _module_preset=&#8221;default&#8221;][et_pb_row _builder_version=&#8221;4.5.0&#8243; _module_preset=&#8221;default&#8221; use_background_color_gradient=&#8221;on&#8221; background_color_gradient_start=&#8221;rgba(255,255,255,0.65)&#8221; background_color_gradient_end=&#8221;rgba(255,255,255,0.55)&#8221; background_color_gradient_type=&#8221;radial&#8221; background_color_gradient_overlays_image=&#8221;on&#8221; background_enable_image=&#8221;off&#8221; background_size=&#8221;contain&#8221; width=&#8221;98%&#8221; custom_margin=&#8221;||||false|false&#8221; border_radii=&#8221;on|14px|14px|14px|14px&#8221;][et_pb_column type=&#8221;4_4&#8243; _builder_version=&#8221;4.5.0&#8243; _module_preset=&#8221;default&#8221;][et_pb_text _builder_version=&#8221;4.5.0&#8243; _module_preset=&#8221;default&#8221; header_2_font=&#8221;Allura||||||||&#8221; header_2_text_align=&#8221;center&#8221; header_2_font_size=&#8221;60px&#8221; text_orientation=&#8221;center&#8221; animation_style=&#8221;zoom&#8221;] Novinka [\/et_pb_text][\/et_pb_column][\/et_pb_row][et_pb_row column_structure=&#8221;1_2,1_2&#8243; _builder_version=&#8221;4.5.0&#8243; _module_preset=&#8221;default&#8221;][et_pb_column type=&#8221;1_2&#8243; _builder_version=&#8221;4.5.0&#8243; _module_preset=&#8221;default&#8221;][et_pb_text _builder_version=&#8221;4.5.0&#8243; _module_preset=&#8221;default&#8221; text_text_color=&#8221;#606060&#8243; text_font_size=&#8221;17px&#8221; hover_enabled=&#8221;0&#8243; disabled_on=&#8221;off|on|on&#8221;] Zakupte si kalend\u00e1\u0159: Rozkvetl\u00fd rok Cena: 180 K\u010d [\/et_pb_text][et_pb_gallery gallery_ids=&#8221;2738&#8243; fullwidth=&#8221;on&#8221; _builder_version=&#8221;4.5.0&#8243; _module_preset=&#8221;default&#8221; [&hellip;]<\/p>\n","protected":false},"author":1,"featured_media":0,"parent":0,"menu_order":0,"comment_status":"closed","ping_status":"closed","template":"","meta":{"_et_pb_use_builder":"on","_et_pb_old_content":"","_et_gb_content_width":""},"_links":{"self":[{"href":"https:\/\/www.ivanaformanova.cz\/index.php\/wp-json\/wp\/v2\/pages\/1759"}],"collection":[{"href":"https:\/\/www.ivanaformanova.cz\/index.php\/wp-json\/wp\/v2\/pages"}],"about":[{"href":"https:\/\/www.ivanaformanova.cz\/index.php\/wp-json\/wp\/v2\/types\/page"}],"author":[{"embeddable":true,"href":"https:\/\/www.ivanaformanova.cz\/index.php\/wp-json\/wp\/v2\/users\/1"}],"replies":[{"embeddable":true,"href":"https:\/\/www.ivanaformanova.cz\/index.php\/wp-json\/wp\/v2\/comments?post=1759"}],"version-history":[{"count":13,"href":"https:\/\/www.ivanaformanova.cz\/index.php\/wp-json\/wp\/v2\/pages\/1759\/revisions"}],"predecessor-version":[{"id":2756,"href":"https:\/\/www.ivanaformanova.cz\/index.php\/wp-json\/wp\/v2\/pages\/1759\/revisions\/2756"}],"wp:attachment":[{"href":"https:\/\/www.ivanaformanova.cz\/index.php\/wp-json\/wp\/v2\/media?parent=1759"}],"curies":[{"name":"wp","href":"https:\/\/api.w.org\/{rel}","templated":true}]}}